{"id":2279,"date":"2022-02-09T15:03:29","date_gmt":"2022-02-09T14:03:29","guid":{"rendered":"https:\/\/incuxhaven.de\/?page_id=2279"},"modified":"2022-05-17T10:29:11","modified_gmt":"2022-05-17T08:29:11","slug":"dem-himmel-so-nah-ankerplatz-cuxhaven","status":"publish","type":"page","link":"https:\/\/incuxhaven.de\/?page_id=2279","title":{"rendered":"Dem Himmel so nah &#8211; Ankerplatz Cuxhaven"},"content":{"rendered":"<h3><a href=\"https:\/\/incuxhaven.de\/wp-content\/uploads\/2022\/02\/Ankerplatz-Cuxhaven-Titel.jpg\"><img loading=\"lazy\" decoding=\"async\" class=\"aligncenter size-full wp-image-2292\" src=\"https:\/\/incuxhaven.de\/wp-content\/uploads\/2022\/02\/Ankerplatz-Cuxhaven-Titel.jpg\" alt=\"\" width=\"2055\" height=\"1323\" srcset=\"https:\/\/incuxhaven.de\/wp-content\/uploads\/2022\/02\/Ankerplatz-Cuxhaven-Titel.jpg 2055w, https:\/\/incuxhaven.de\/wp-content\/uploads\/2022\/02\/Ankerplatz-Cuxhaven-Titel-300x193.jpg 300w, https:\/\/incuxhaven.de\/wp-content\/uploads\/2022\/02\/Ankerplatz-Cuxhaven-Titel-1024x659.jpg 1024w, https:\/\/incuxhaven.de\/wp-content\/uploads\/2022\/02\/Ankerplatz-Cuxhaven-Titel-768x494.jpg 768w, https:\/\/incuxhaven.de\/wp-content\/uploads\/2022\/02\/Ankerplatz-Cuxhaven-Titel-1536x989.jpg 1536w, https:\/\/incuxhaven.de\/wp-content\/uploads\/2022\/02\/Ankerplatz-Cuxhaven-Titel-2048x1318.jpg 2048w, https:\/\/incuxhaven.de\/wp-content\/uploads\/2022\/02\/Ankerplatz-Cuxhaven-Titel-1200x773.jpg 1200w, https:\/\/incuxhaven.de\/wp-content\/uploads\/2022\/02\/Ankerplatz-Cuxhaven-Titel-1400x901.jpg 1400w\" sizes=\"auto, (max-width: 2055px) 100vw, 2055px\" \/><\/a><\/h3>\n<p>Liebe BesucherInnen der Seite<\/p>\n<p>hier finden Sie eine digitale Demoversion der ersten 55 Seiten von insgesamt 182 Seiten des Buches<br \/>\n<strong>&#8222;Dem Himmel so nah &#8211; Ankerplatz Cuxhaven&#8220;<\/strong><\/p>\n<p>Das Hardcover Fotobuch hat das Format 28 x 21 cm und insgesamt 182 Seiten und kostet 28,00 \u20ac.<br \/>\nBei Versand kommen noch einmal 4,00 \u20ac hinzu.<\/p>\n<p>Alle Fotos sind in Schwarz-Wei\u00df, gedruckt auf 130 g\/m\u00b2 Bilderdruckpapier.<br \/>\nAlle Fotos von Karl-Heinz Zulkowski-St\u00fcben, 2. Vorsitzender des Arbeitskreis Asyl Cuxhaven e.V.<\/p>\n<p>Sie k\u00f6nnen das Buch bestellen unter der Email: info@pandorafoto.de<br \/>\noder direkt erwerben in der Oliva-Buchhandlung in Cuxhaven oder im Shop &#8222;Sehnsucht Meer&#8220; im B\u00fcrgerbahnhof Cuxhaven<\/p>\n<p><a href=\"https:\/\/incuxhaven.de\/wp-content\/uploads\/2022\/02\/Dem-Himmel-so-nah-Ankerplatz-Cuxhaven-Demo.htm\">Dem Himmel so nah &#8211; Ankerplatz Cuxhaven Demo<\/a><\/p>\n<h5><a href=\"https:\/\/incuxhaven.de\/wp-content\/uploads\/2022\/05\/CN-vom-22.04.22-Ankerplatz-Cuxhaven-Rezension.pdf\">CN vom 22.04.22 Ankerplatz Cuxhaven Rezension<\/a><\/h5>\n<h5><\/h5>\n<h5><strong>Stimmen zum Buch<\/strong><\/h5>\n<p>Karl-Heinz Zulkowski-St\u00fcben hat ein besonderes Buch \u00fcber seine Stadt Cuxhaven gemacht.<br \/>\nIn Schwarz-Wei\u00df Fotos zeigt er das Bild einer bunten und lebendigen Zivilgesellschaft<br \/>\nmit wundersch\u00f6nen Portraits der vielf\u00e4ltigen Bewohner*innen.<br \/>\n<em>Dr. Gisela Penteker, Otterndorf<\/em><\/p>\n<p>Es ist grandios. Ein wunderbares Schm\u00f6ker-Bilderbuch&#8230;<br \/>\n<em>Kai Weber, Fl\u00fcchtlingsrat Niedersachsen<\/em><\/p>\n<p>Das Buch ist super. Ich hatte erst Angst, dass es total \u00f6der Kitsch sein k\u00f6nnte,<br \/>\naber es ist echt was Besonderes! \ud83d\ude42<br \/>\n<em>Maurice H., Antifa, Bremerhaven<\/em><\/p>\n<p>Habe den Nachmittag damit verbracht mir deine wunderbaren Fotos mehrmals anzuschauen, einfach Klasse! Wirklich eine besondere Chronik von Cuxhaven der letzen Jahre, Danke.<br \/>\n<em>Andreas Green, K\u00fcnstler, Cuxhaven<\/em><\/p>\n<p>Das Buch \u201eDem Himmel so nah &#8211; Ankerplatz Cuxhaven\u201c zeigt den beliebten Kurort und das Leben in der Stadt ganz anders als die Tourismusbrosch\u00fcren und auf einmal erscheint die verschlafene Nordseestadt viel multikultureller, progressiver und unkonventioneller als gedacht!<br \/>\n<em>Nadije Memedi, Friedensaktivistin, z. Zt. Kosovo<\/em><\/p>\n<p>\u201eDas Buch besticht durch seine \u201eganz normalen\u201c Alltagsaufnahme in Cuxhaven. Seine in S\/W gehaltenen Bilder strahlen Ruhe aus und bringen die Menschen in den Fokus, die in unserer schnelllebigen und neoliberalen Welt gerne vergessen werden.<br \/>\nBesonders seine Aufnahmen von der Minderheit der Roma, haben mich sehr beeindruckt. Man erkennt sofort, dass ein sozial engagierter Mensch und nicht nur ein technisch versierter Fotograf, die Bilder aufgenommen hat.\u201c<br \/>\n<em>Thomas Bollmann, Sassenburg, \u201eB\u00fcrger, f\u00fcr den das Grundgesetz nicht nur eine gebl\u00fcmte Aneinanderreihung von W\u00f6rtern ist, aus dem man gerne bei feierlichen Anl\u00e4ssen zitiert.\u201c<\/em><\/p>\n<p>Mein Vater hat mit viel Freude das Buch betrachtet und die Texte gelesen und ihm haben die vielen unterschiedlichen Aspekte gut gefallen. Auch aus meinen Erz\u00e4hlungen kannte er ja viele Geschichten von ausl\u00e4ndischen Familien.<br \/>\nAuch Beate und mir hat dein Buch und die tollen durchaus auch eigenwilligen Fotos sehr gefallen.<br \/>\nViel Erfolg w\u00fcnschen wir dir weiterhin.<br \/>\n<em>Reinhard Bertele, Cuxhaven<\/em><\/p>\n","protected":false},"excerpt":{"rendered":"<p>Liebe BesucherInnen der Seite hier finden Sie eine digitale Demoversion der ersten 55 Seiten von insgesamt 182 Seiten des Buches &#8222;Dem Himmel so nah &#8211; Ankerplatz Cuxhaven&#8220; Das Hardcover Fotobuch hat das Format 28 x 21 cm und insgesamt 182 Seiten und kostet 28,00 \u20ac. Bei Versand kommen noch einmal 4,00 \u20ac hinzu. Alle Fotos &hellip;<\/p>\n","protected":false},"author":1,"featured_media":0,"parent":0,"menu_order":0,"comment_status":"closed","ping_status":"closed","template":"","meta":{"footnotes":""},"class_list":["post-2279","page","type-page","status-publish","hentry","post","without-featured-image"],"featured_image_src":null,"featured_image_src_square":null,"_links":{"self":[{"href":"https:\/\/incuxhaven.de\/index.php?rest_route=\/wp\/v2\/pages\/2279","targetHints":{"allow":["GET"]}}],"collection":[{"href":"https:\/\/incuxhaven.de\/index.php?rest_route=\/wp\/v2\/pages"}],"about":[{"href":"https:\/\/incuxhaven.de\/index.php?rest_route=\/wp\/v2\/types\/page"}],"author":[{"embeddable":true,"href":"https:\/\/incuxhaven.de\/index.php?rest_route=\/wp\/v2\/users\/1"}],"replies":[{"embeddable":true,"href":"https:\/\/incuxhaven.de\/index.php?rest_route=%2Fwp%2Fv2%2Fcomments&post=2279"}],"version-history":[{"count":19,"href":"https:\/\/incuxhaven.de\/index.php?rest_route=\/wp\/v2\/pages\/2279\/revisions"}],"predecessor-version":[{"id":2403,"href":"https:\/\/incuxhaven.de\/index.php?rest_route=\/wp\/v2\/pages\/2279\/revisions\/2403"}],"wp:attachment":[{"href":"https:\/\/incuxhaven.de\/index.php?rest_route=%2Fwp%2Fv2%2Fmedia&parent=2279"}],"curies":[{"name":"wp","href":"https:\/\/api.w.org\/{rel}","templated":true}]}}